{"id":9,"date":"2025-09-01T18:35:01","date_gmt":"2025-09-01T18:35:01","guid":{"rendered":"http:\/\/test.valleesellier.fr\/?page_id=9"},"modified":"2025-09-11T06:05:51","modified_gmt":"2025-09-11T06:05:51","slug":"page-daccueil","status":"publish","type":"page","link":"https:\/\/test.valleesellier.fr\/","title":{"rendered":"Page d&rsquo;accueil"},"content":{"rendered":"\t\t<div data-elementor-type=\"wp-page\" data-elementor-id=\"9\" class=\"elementor elementor-9\" data-elementor-post-type=\"page\">\n\t\t\t\t<div class=\"elementor-element elementor-element-681fee6 e-con-full e-flex e-con e-parent\" data-id=\"681fee6\" data-element_type=\"container\">\n\t\t<div class=\"elementor-element elementor-element-b9049d5 e-con-full e-grid e-con e-child\" data-id=\"b9049d5\" data-element_type=\"container\">\n\t\t\t\t<div class=\"elementor-element elementor-element-de835ab elementor-widget elementor-widget-image\" data-id=\"de835ab\" data-element_type=\"widget\" data-widget_type=\"image.default\">\n\t\t\t\t\t\t\t\t\t\t\t\t\t\t\t<img fetchpriority=\"high\" decoding=\"async\" width=\"800\" height=\"800\" src=\"https:\/\/test.valleesellier.fr\/wp-content\/uploads\/2025\/09\/artisan-Cuir-Vallee-Sellier-3-1024x1024.jpg\" class=\"attachment-large size-large wp-image-36\" alt=\"\" srcset=\"https:\/\/test.valleesellier.fr\/wp-content\/uploads\/2025\/09\/artisan-Cuir-Vallee-Sellier-3-1024x1024.jpg 1024w, https:\/\/test.valleesellier.fr\/wp-content\/uploads\/2025\/09\/artisan-Cuir-Vallee-Sellier-3-300x300.jpg 300w, https:\/\/test.valleesellier.fr\/wp-content\/uploads\/2025\/09\/artisan-Cuir-Vallee-Sellier-3-150x150.jpg 150w, https:\/\/test.valleesellier.fr\/wp-content\/uploads\/2025\/09\/artisan-Cuir-Vallee-Sellier-3-768x768.jpg 768w, https:\/\/test.valleesellier.fr\/wp-content\/uploads\/2025\/09\/artisan-Cuir-Vallee-Sellier-3-1536x1536.jpg 1536w, https:\/\/test.valleesellier.fr\/wp-content\/uploads\/2025\/09\/artisan-Cuir-Vallee-Sellier-3.jpg 1920w\" sizes=\"(max-width: 800px) 100vw, 800px\" \/>\t\t\t\t\t\t\t\t\t\t\t\t\t\t\t<\/div>\n\t\t\t\t<div class=\"elementor-element elementor-element-83daf70 elementor-widget elementor-widget-image\" data-id=\"83daf70\" data-element_type=\"widget\" data-widget_type=\"image.default\">\n\t\t\t\t\t\t\t\t\t\t\t\t\t\t\t<img decoding=\"async\" width=\"800\" height=\"800\" src=\"https:\/\/test.valleesellier.fr\/wp-content\/uploads\/2025\/09\/artisan-Cuir-Vallee-Sellier-13-1024x1024.jpg\" class=\"attachment-large size-large wp-image-46\" alt=\"\" srcset=\"https:\/\/test.valleesellier.fr\/wp-content\/uploads\/2025\/09\/artisan-Cuir-Vallee-Sellier-13-1024x1024.jpg 1024w, https:\/\/test.valleesellier.fr\/wp-content\/uploads\/2025\/09\/artisan-Cuir-Vallee-Sellier-13-300x300.jpg 300w, https:\/\/test.valleesellier.fr\/wp-content\/uploads\/2025\/09\/artisan-Cuir-Vallee-Sellier-13-150x150.jpg 150w, https:\/\/test.valleesellier.fr\/wp-content\/uploads\/2025\/09\/artisan-Cuir-Vallee-Sellier-13-768x768.jpg 768w, https:\/\/test.valleesellier.fr\/wp-content\/uploads\/2025\/09\/artisan-Cuir-Vallee-Sellier-13-1536x1536.jpg 1536w, https:\/\/test.valleesellier.fr\/wp-content\/uploads\/2025\/09\/artisan-Cuir-Vallee-Sellier-13.jpg 1920w\" sizes=\"(max-width: 800px) 100vw, 800px\" \/>\t\t\t\t\t\t\t\t\t\t\t\t\t\t\t<\/div>\n\t\t\t\t<div class=\"elementor-element elementor-element-a7a95a6 elementor-widget elementor-widget-image\" data-id=\"a7a95a6\" data-element_type=\"widget\" data-widget_type=\"image.default\">\n\t\t\t\t\t\t\t\t\t\t\t\t\t\t\t<img decoding=\"async\" width=\"800\" height=\"800\" src=\"https:\/\/test.valleesellier.fr\/wp-content\/uploads\/2025\/09\/artisan-Cuir-Vallee-Sellier-7-1024x1024.jpg\" class=\"attachment-large size-large wp-image-40\" alt=\"\" srcset=\"https:\/\/test.valleesellier.fr\/wp-content\/uploads\/2025\/09\/artisan-Cuir-Vallee-Sellier-7-1024x1024.jpg 1024w, https:\/\/test.valleesellier.fr\/wp-content\/uploads\/2025\/09\/artisan-Cuir-Vallee-Sellier-7-300x300.jpg 300w, https:\/\/test.valleesellier.fr\/wp-content\/uploads\/2025\/09\/artisan-Cuir-Vallee-Sellier-7-150x150.jpg 150w, https:\/\/test.valleesellier.fr\/wp-content\/uploads\/2025\/09\/artisan-Cuir-Vallee-Sellier-7-768x768.jpg 768w, https:\/\/test.valleesellier.fr\/wp-content\/uploads\/2025\/09\/artisan-Cuir-Vallee-Sellier-7-1536x1536.jpg 1536w, https:\/\/test.valleesellier.fr\/wp-content\/uploads\/2025\/09\/artisan-Cuir-Vallee-Sellier-7.jpg 1920w\" sizes=\"(max-width: 800px) 100vw, 800px\" \/>\t\t\t\t\t\t\t\t\t\t\t\t\t\t\t<\/div>\n\t\t\t\t<div class=\"elementor-element elementor-element-b1272de elementor-widget elementor-widget-image\" data-id=\"b1272de\" data-element_type=\"widget\" data-widget_type=\"image.default\">\n\t\t\t\t\t\t\t\t\t\t\t\t\t\t\t<img loading=\"lazy\" decoding=\"async\" width=\"800\" height=\"800\" src=\"https:\/\/test.valleesellier.fr\/wp-content\/uploads\/2025\/09\/artisan-Cuir-Vallee-Sellier-4-1024x1024.jpg\" class=\"attachment-large size-large wp-image-37\" alt=\"\" srcset=\"https:\/\/test.valleesellier.fr\/wp-content\/uploads\/2025\/09\/artisan-Cuir-Vallee-Sellier-4-1024x1024.jpg 1024w, https:\/\/test.valleesellier.fr\/wp-content\/uploads\/2025\/09\/artisan-Cuir-Vallee-Sellier-4-300x300.jpg 300w, https:\/\/test.valleesellier.fr\/wp-content\/uploads\/2025\/09\/artisan-Cuir-Vallee-Sellier-4-150x150.jpg 150w, https:\/\/test.valleesellier.fr\/wp-content\/uploads\/2025\/09\/artisan-Cuir-Vallee-Sellier-4-768x768.jpg 768w, https:\/\/test.valleesellier.fr\/wp-content\/uploads\/2025\/09\/artisan-Cuir-Vallee-Sellier-4-1536x1536.jpg 1536w, https:\/\/test.valleesellier.fr\/wp-content\/uploads\/2025\/09\/artisan-Cuir-Vallee-Sellier-4.jpg 1920w\" sizes=\"(max-width: 800px) 100vw, 800px\" \/>\t\t\t\t\t\t\t\t\t\t\t\t\t\t\t<\/div>\n\t\t\t\t<\/div>\n\t\t<div class=\"elementor-element elementor-element-2b79c6c e-con-full e-flex e-con e-child\" data-id=\"2b79c6c\" data-element_type=\"container\">\n\t\t\t\t<div class=\"elementor-element elementor-element-61b4e3b elementor-widget elementor-widget-heading\" data-id=\"61b4e3b\" data-element_type=\"widget\" data-widget_type=\"heading.default\">\n\t\t\t\t\t<h2 class=\"elementor-heading-title elementor-size-default\">Vall\u00e9e Sellier \u2013 Selles sur mesure et adaptables, fabriqu\u00e9es en Normandie<\/h2>\t\t\t\t<\/div>\n\t\t\t\t<div class=\"elementor-element elementor-element-246c4c1 elementor-widget elementor-widget-text-editor\" data-id=\"246c4c1\" data-element_type=\"widget\" data-widget_type=\"text-editor.default\">\n\t\t\t\t\t\t\t\t\t<p>Dans <strong data-start=\"216\" data-end=\"243\">notre atelier du Perche<\/strong>, en Normandie, chaque <strong data-start=\"266\" data-end=\"286\">selle sur mesure<\/strong> est fa\u00e7onn\u00e9e par un <strong data-start=\"307\" data-end=\"326\">artisan sellier<\/strong> pour s\u2019adapter parfaitement \u00e0 la morphologie du cheval et \u00e9voluer avec lui.<br data-start=\"402\" data-end=\"405\" \/>\u00c0 partir des m\u00eames cuirs d\u2019exception \u2014 issus d\u2019un tannage v\u00e9g\u00e9tal long en fosse et travaill\u00e9s avec des finitions haut de gamme \u2014 naissent aussi des <strong data-start=\"553\" data-end=\"577\">ceintures sur mesure<\/strong> et de la <strong data-start=\"587\" data-end=\"621\">petite maroquinerie artisanale<\/strong>, v\u00e9ritables prolongements de ce savoir-faire sellier.<br data-start=\"675\" data-end=\"678\" data-is-only-node=\"\" \/>Une gamme compl\u00e8te d\u2019<strong data-start=\"699\" data-end=\"724\">accessoires \u00e9questres<\/strong> vient enrichir cet univers, toujours avec la m\u00eame exigence de qualit\u00e9 et de durabilit\u00e9.<\/p>\t\t\t\t\t\t\t\t<\/div>\n\t\t\t\t<div class=\"elementor-element elementor-element-039c789 elementor-widget elementor-widget-button\" data-id=\"039c789\" data-element_type=\"widget\" data-widget_type=\"button.default\">\n\t\t\t\t\t\t\t\t\t\t<a class=\"elementor-button elementor-button-link elementor-size-sm\" href=\"#\">\n\t\t\t\t\t\t<span class=\"elementor-button-content-wrapper\">\n\t\t\t\t\t\t\t\t\t<span class=\"elementor-button-text\">Decouvrez nos selles<\/span>\n\t\t\t\t\t<\/span>\n\t\t\t\t\t<\/a>\n\t\t\t\t\t\t\t\t<\/div>\n\t\t\t\t<\/div>\n\t\t\t\t<\/div>\n\t\t\t\t<\/div>\n\t\t","protected":false},"excerpt":{"rendered":"<p>Vall\u00e9e Sellier \u2013 Selles sur mesure et adaptables, fabriqu\u00e9es en Normandie Dans notre atelier du Perche, en Normandie, chaque selle sur mesure est fa\u00e7onn\u00e9e par un artisan sellier pour s\u2019adapter parfaitement \u00e0 la morphologie du cheval et \u00e9voluer avec lui.\u00c0 partir des m\u00eames cuirs d\u2019exception \u2014 issus d\u2019un tannage v\u00e9g\u00e9tal long en fosse et travaill\u00e9s [&hellip;]<\/p>\n","protected":false},"author":1,"featured_media":0,"parent":0,"menu_order":0,"comment_status":"closed","ping_status":"closed","template":"elementor_header_footer","meta":{"footnotes":""},"class_list":["post-9","page","type-page","status-publish","hentry"],"_links":{"self":[{"href":"https:\/\/test.valleesellier.fr\/index.php\/wp-json\/wp\/v2\/pages\/9","targetHints":{"allow":["GET"]}}],"collection":[{"href":"https:\/\/test.valleesellier.fr\/index.php\/wp-json\/wp\/v2\/pages"}],"about":[{"href":"https:\/\/test.valleesellier.fr\/index.php\/wp-json\/wp\/v2\/types\/page"}],"author":[{"embeddable":true,"href":"https:\/\/test.valleesellier.fr\/index.php\/wp-json\/wp\/v2\/users\/1"}],"replies":[{"embeddable":true,"href":"https:\/\/test.valleesellier.fr\/index.php\/wp-json\/wp\/v2\/comments?post=9"}],"version-history":[{"count":40,"href":"https:\/\/test.valleesellier.fr\/index.php\/wp-json\/wp\/v2\/pages\/9\/revisions"}],"predecessor-version":[{"id":181,"href":"https:\/\/test.valleesellier.fr\/index.php\/wp-json\/wp\/v2\/pages\/9\/revisions\/181"}],"wp:attachment":[{"href":"https:\/\/test.valleesellier.fr\/index.php\/wp-json\/wp\/v2\/media?parent=9"}],"curies":[{"name":"wp","href":"https:\/\/api.w.org\/{rel}","templated":true}]}}